{"id":37,"date":"2019-12-08T17:02:08","date_gmt":"2019-12-08T17:02:08","guid":{"rendered":"http:\/\/drustvo-psihologa-kzz.hr\/?page_id=37"},"modified":"2023-09-21T00:54:43","modified_gmt":"2023-09-20T23:54:43","slug":"clanstvo-u-drustvu-psihologa-krapinsko-zagorske-zupanije","status":"publish","type":"page","link":"https:\/\/xn--dpkz-obb.hr\/index.php\/clanstvo-u-drustvu-psihologa-krapinsko-zagorske-zupanije\/","title":{"rendered":"\u010clanstvo u Dru\u0161tvu"},"content":{"rendered":"\n<p>Prema Statutu Dru\u0161tva psihologa Krapinsko-zagorske \u017eupanije, \u010dlanovi DP KZ\u017d mogu biti pojedinci &#8211; fizi\u010dke osobe koje su zavr\u0161ile studij psihologije, a koje podr\u017eavaju djelatnost Dru\u0161tva, prihva\u0107aju njegov Statut i op\u0107e akte.<\/p>\n\n\n\n<p>\u010clanstvo u Dru\u0161tvu mo\u017ee biti redovno i po\u010dasno.<\/p>\n\n\n\n<p>Redovni \u010dlanovi Dru\u0161tva su osobe koje su diplomirani psiholozi ili profesori psihologije, koji u pravilu imaju mjesto boravka na podru\u010dju Krapinsko-zagorske \u017eupanije, ili su zaposleni na njenom podru\u010dju.<\/p>\n\n\n\n<p>Po\u010dasni \u010dlan Dru\u0161tva mo\u017ee biti istaknuti psiholog ili drugi stru\u010dnjak dr\u017eavljanin Republike Hrvatske, te strani dr\u017eavljanin koji je svojim djelovanjem posebno pridonio razvitku psihologije u Republici Hrvatskoj i radu Dru\u0161tva.<\/p>\n\n\n\n<p>\u010clanstvo, prava, obaveze i stegovna odgovornost \u010dlanova odre\u0111eni su \u010dlancima 10., 11., 12., 13. i 14. <a href=\"http:\/\/drustvo-psihologa-kzz.hr\/images\/20150126_dpkzz_statut.pdf\">Statuta Dru\u0161tva.<\/a><\/p>\n\n\n\n<p>\u017delite li se u\u010dlaniti u DP KZ\u017d, popunite Pristupnicu za u\u010dlanjenje u DP KZ\u017d (preuzmite <a href=\"http:\/\/drustvo-psihologa-kzz.hr\/images\/PRISTUPNICA_DP_KZZ.doc\">WORD<\/a> ili <a href=\"http:\/\/drustvo-psihologa-kzz.hr\/images\/PRISTUPNICA_DP_KZZ.pdf\">PDF<\/a>) i po\u0161aljite ju na mail ili po\u0161tom na adresu Dru\u0161tva.<\/p>\n\n\n\n<p>Odluku o prijemu u \u010dlanstvo donosi Skup\u0161tina Dru\u0161tva.<\/p>\n\n\n\n<p>\u010clanovi Dru\u0161tva pla\u0107aju godi\u0161nju \u010dlanarinu. Visinu \u010dlanarine odre\u0111uje Skup\u0161tina Dru\u0161tva. <\/p>\n\n\n\n<p>Odlukom Skup\u0161tine DP KZ\u017d od\u00a0<strong>19. listopada 2022.,<\/strong>\u00a0\u010dlanarina u Dru\u0161tvu psihologa Krapinsko \u2013zagorske \u017eupanije za\u00a0<strong>2023.<\/strong>\u00a0iznosi 10,00 EUR.<\/p>\n\n\n\n<p><strong>Podaci za uplatu \u010dlanarine:<\/strong><\/p>\n\n\n\n<ul class=\"wp-block-list\">\n<li>Primatelj: Dru\u0161tvo psihologa Krapinsko-zagorske \u017eupanije<\/li>\n\n\n\n<li>Prilaz Janka Tomi\u0107a 2, 49210 Zabok<\/li>\n\n\n\n<li>IBAN: HR8023400091110224899<\/li>\n\n\n\n<li>Poziv na broj: Va\u0161 OIB<\/li>\n\n\n\n<li>Opis pla\u0107anja: \u010clanarina za <strong>__<\/strong> godinu (Upi\u0161ite godinu za koju \u017eelite podmiriti \u010dlanarinu)<\/li>\n<\/ul>\n\n\n\n<p>Prema \u010dlanku 12. Statuta Dru\u0161tva, vje\u017ebenici, nezaposleni psiholozi i umirovljenici oslobo\u0111eni su pla\u0107anja \u010dlanarine.<\/p>\n","protected":false},"excerpt":{"rendered":"<p>Prema Statutu Dru\u0161tva psihologa Krapinsko-zagorske \u017eupanije, \u010dlanovi DP KZ\u017d mogu biti pojedinci &#8211; fizi\u010dke osobe koje su zavr\u0161ile studij psihologije, a koje podr\u017eavaju djelatnost Dru\u0161tva, prihva\u0107aju njegov Statut i op\u0107e akte. \u010clanstvo u Dru\u0161tvu mo\u017ee biti redovno i po\u010dasno. Redovni \u010dlanovi Dru\u0161tva su osobe koje su diplomirani psiholozi ili profesori psihologije, koji u pravilu imaju [&hellip;]<\/p>\n","protected":false},"author":1,"featured_media":0,"parent":0,"menu_order":0,"comment_status":"closed","ping_status":"closed","template":"","meta":{"footnotes":""},"class_list":["post-37","page","type-page","status-publish","hentry"],"_links":{"self":[{"href":"https:\/\/xn--dpkz-obb.hr\/index.php\/wp-json\/wp\/v2\/pages\/37","targetHints":{"allow":["GET"]}}],"collection":[{"href":"https:\/\/xn--dpkz-obb.hr\/index.php\/wp-json\/wp\/v2\/pages"}],"about":[{"href":"https:\/\/xn--dpkz-obb.hr\/index.php\/wp-json\/wp\/v2\/types\/page"}],"author":[{"embeddable":true,"href":"https:\/\/xn--dpkz-obb.hr\/index.php\/wp-json\/wp\/v2\/users\/1"}],"replies":[{"embeddable":true,"href":"https:\/\/xn--dpkz-obb.hr\/index.php\/wp-json\/wp\/v2\/comments?post=37"}],"version-history":[{"count":6,"href":"https:\/\/xn--dpkz-obb.hr\/index.php\/wp-json\/wp\/v2\/pages\/37\/revisions"}],"predecessor-version":[{"id":278,"href":"https:\/\/xn--dpkz-obb.hr\/index.php\/wp-json\/wp\/v2\/pages\/37\/revisions\/278"}],"wp:attachment":[{"href":"https:\/\/xn--dpkz-obb.hr\/index.php\/wp-json\/wp\/v2\/media?parent=37"}],"curies":[{"name":"wp","href":"https:\/\/api.w.org\/{rel}","templated":true}]}}