{"id":50,"date":"2019-12-08T17:46:08","date_gmt":"2019-12-08T17:46:08","guid":{"rendered":"http:\/\/drustvo-psihologa-kzz.hr\/?page_id=50"},"modified":"2021-03-01T17:37:32","modified_gmt":"2021-03-01T16:37:32","slug":"dokumenti","status":"publish","type":"page","link":"https:\/\/xn--dpkz-obb.hr\/index.php\/dokumenti\/","title":{"rendered":"Dokumenti"},"content":{"rendered":"\n<ul class=\"wp-block-list\"><li><a href=\"http:\/\/drustvo-psihologa-kzz.hr\/index.php\/2015\/01\/26\/statut-dp-kzz\/\">Statut DP KZ\u017d<\/a><\/li><li><a href=\"http:\/\/drustvo-psihologa-kzz.hr\/wp-content\/uploads\/2021\/03\/Izvjesce-o-radu-Drustva-u-2020.pdf\" target=\"_blank\" rel=\"noreferrer noopener\">Izvje\u0161\u0107e o radu DP KZ\u017d u 2020.<\/a><\/li><li><a href=\"http:\/\/drustvo-psihologa-kzz.hr\/wp-content\/uploads\/2020\/12\/Izvjesce-o-radu-Drustva-u-2019.pdf\" target=\"_blank\" rel=\"noreferrer noopener\">Izvje\u0161\u0107e o radu DP KZ\u017d u 2019.<\/a><\/li><li><a href=\"http:\/\/drustvo-psihologa-kzz.hr\/index.php\/2019\/02\/09\/izvjesce-o-radu-drustva-u-2018\/\">Izvje\u0161\u0107e o radu DP KZ\u017d u 2018.<\/a> <\/li><li><a href=\"http:\/\/drustvo-psihologa-kzz.hr\/index.php\/2018\/04\/25\/izvjesce-o-radu-drustva-u-2017\/\">Izvje\u0161\u0107e o radu DP KZ\u017d u 2017.<\/a><\/li><\/ul>\n\n\n\n<p><\/p>\n","protected":false},"excerpt":{"rendered":"<p>Statut DP KZ\u017d Izvje\u0161\u0107e o radu DP KZ\u017d u 2020. Izvje\u0161\u0107e o radu DP KZ\u017d u 2019. Izvje\u0161\u0107e o radu DP KZ\u017d u 2018. Izvje\u0161\u0107e o radu DP KZ\u017d u 2017.<\/p>\n","protected":false},"author":1,"featured_media":0,"parent":0,"menu_order":0,"comment_status":"closed","ping_status":"closed","template":"","meta":{"footnotes":""},"class_list":["post-50","page","type-page","status-publish","hentry"],"_links":{"self":[{"href":"https:\/\/xn--dpkz-obb.hr\/index.php\/wp-json\/wp\/v2\/pages\/50","targetHints":{"allow":["GET"]}}],"collection":[{"href":"https:\/\/xn--dpkz-obb.hr\/index.php\/wp-json\/wp\/v2\/pages"}],"about":[{"href":"https:\/\/xn--dpkz-obb.hr\/index.php\/wp-json\/wp\/v2\/types\/page"}],"author":[{"embeddable":true,"href":"https:\/\/xn--dpkz-obb.hr\/index.php\/wp-json\/wp\/v2\/users\/1"}],"replies":[{"embeddable":true,"href":"https:\/\/xn--dpkz-obb.hr\/index.php\/wp-json\/wp\/v2\/comments?post=50"}],"version-history":[{"count":7,"href":"https:\/\/xn--dpkz-obb.hr\/index.php\/wp-json\/wp\/v2\/pages\/50\/revisions"}],"predecessor-version":[{"id":266,"href":"https:\/\/xn--dpkz-obb.hr\/index.php\/wp-json\/wp\/v2\/pages\/50\/revisions\/266"}],"wp:attachment":[{"href":"https:\/\/xn--dpkz-obb.hr\/index.php\/wp-json\/wp\/v2\/media?parent=50"}],"curies":[{"name":"wp","href":"https:\/\/api.w.org\/{rel}","templated":true}]}}