{"id":8,"date":"2019-12-08T15:19:27","date_gmt":"2019-12-08T15:19:27","guid":{"rendered":"http:\/\/drustvo-psihologa-kzz.hr\/?page_id=8"},"modified":"2019-12-09T22:48:18","modified_gmt":"2019-12-09T21:48:18","slug":"o-nama","status":"publish","type":"page","link":"https:\/\/xn--dpkz-obb.hr\/index.php\/o-nama\/","title":{"rendered":"O nama"},"content":{"rendered":"\n<p>Dru\u0161tvo psihologa Krapinsko-zagorske \u017eupanije je udruga psihologa iz podru\u010dja Krapinsko-zagorske \u017eupanije u Hrvatskoj, osnovana s ciljem promicanja psihologije i organizacije aktivnosti u zajednici. <\/p>\n\n\n\n<p>Dru\u0161tvo psihologa KZ\u017d \u010dini 40-tak \u010dlanova, psihologa razli\u010ditih usmjerenja, kao \u0161to su obrazovna psihologija, klini\u010dka psihologija i psihologija savjetovanja, socijalna skrb, organizacijska psihologija. Kao takvo, Dru\u0161tvo psihologa KZ\u017d ima \u0161irok raspon psiholo\u0161kih vje\u0161tina i interesa, kao i ideja za primjenu tih vje\u0161tina.<\/p>\n\n\n\n<p>Zabrinuti za dobrobit na\u0161e \u017eupanije i njezinih gra\u0111ana, Dru\u0161tvo je uvijek u potrazi za na\u010dinima kojima mo\u017ee pru\u017eiti svoju pomo\u0107 i stru\u010dna znanja na\u0161oj zajednici.<\/p>\n\n\n\n<p>Dru\u0161tvo psihologa KZ\u017d mo\u017eete kontaktirati putem:<\/p>\n\n\n\n<ul class=\"wp-block-list\"><li>elektronske po\u0161te na adresu&nbsp;<a href=\"mailto:psiholozikzz@gmail.com\">psiholozikzz@gmail.com<\/a><\/li><li>slanjem poruke na na\u0161u&nbsp;<a href=\"https:\/\/www.facebook.com\/DrustvoPsihologaKZZ\" target=\"_blank\" rel=\"noreferrer noopener\">Facebook stranicu<\/a><\/li><\/ul>\n","protected":false},"excerpt":{"rendered":"<p>Dru\u0161tvo psihologa Krapinsko-zagorske \u017eupanije je udruga psihologa iz podru\u010dja Krapinsko-zagorske \u017eupanije u Hrvatskoj, osnovana s ciljem promicanja psihologije i organizacije aktivnosti u zajednici. Dru\u0161tvo psihologa KZ\u017d \u010dini 40-tak \u010dlanova, psihologa razli\u010ditih usmjerenja, kao \u0161to su obrazovna psihologija, klini\u010dka psihologija i psihologija savjetovanja, socijalna skrb, organizacijska psihologija. Kao takvo, Dru\u0161tvo psihologa KZ\u017d ima \u0161irok raspon psiholo\u0161kih [&hellip;]<\/p>\n","protected":false},"author":1,"featured_media":0,"parent":0,"menu_order":0,"comment_status":"closed","ping_status":"closed","template":"","meta":{"footnotes":""},"class_list":["post-8","page","type-page","status-publish","hentry"],"_links":{"self":[{"href":"https:\/\/xn--dpkz-obb.hr\/index.php\/wp-json\/wp\/v2\/pages\/8","targetHints":{"allow":["GET"]}}],"collection":[{"href":"https:\/\/xn--dpkz-obb.hr\/index.php\/wp-json\/wp\/v2\/pages"}],"about":[{"href":"https:\/\/xn--dpkz-obb.hr\/index.php\/wp-json\/wp\/v2\/types\/page"}],"author":[{"embeddable":true,"href":"https:\/\/xn--dpkz-obb.hr\/index.php\/wp-json\/wp\/v2\/users\/1"}],"replies":[{"embeddable":true,"href":"https:\/\/xn--dpkz-obb.hr\/index.php\/wp-json\/wp\/v2\/comments?post=8"}],"version-history":[{"count":5,"href":"https:\/\/xn--dpkz-obb.hr\/index.php\/wp-json\/wp\/v2\/pages\/8\/revisions"}],"predecessor-version":[{"id":188,"href":"https:\/\/xn--dpkz-obb.hr\/index.php\/wp-json\/wp\/v2\/pages\/8\/revisions\/188"}],"wp:attachment":[{"href":"https:\/\/xn--dpkz-obb.hr\/index.php\/wp-json\/wp\/v2\/media?parent=8"}],"curies":[{"name":"wp","href":"https:\/\/api.w.org\/{rel}","templated":true}]}}